{"id":386,"date":"2025-03-24T08:56:07","date_gmt":"2025-03-24T08:56:07","guid":{"rendered":"https:\/\/krabsbar.com\/?page_id=386"},"modified":"2025-03-31T07:35:03","modified_gmt":"2025-03-31T07:35:03","slug":"tratament-vascularizare","status":"publish","type":"page","link":"https:\/\/deiasalon.md\/ru\/tratament-vascularizare\/","title":{"rendered":"\u041b\u0435\u0447\u0435\u043d\u0438\u0435 \u0441\u043e\u0441\u0443\u0434\u0438\u0441\u0442\u044b\u0445 \u043e\u0431\u0440\u0430\u0437\u043e\u0432\u0430\u043d\u0438\u0439"},"content":{"rendered":"<div data-elementor-type=\"wp-page\" data-elementor-id=\"386\" class=\"elementor elementor-386\" data-elementor-post-type=\"page\">\n\t\t\t\t<div class=\"elementor-element elementor-element-4fa12f2 wd-section-stretch-content e-flex e-con-boxed e-con e-parent\" data-id=\"4fa12f2\" data-element_type=\"container\">\n\t\t\t\t\t<div class=\"e-con-inner\">\n\t\t<div class=\"elementor-element elementor-element-21849cc wd-section-stretch-content e-con-full e-flex e-con e-child\" data-id=\"21849cc\" data-element_type=\"container\" data-settings=\"{&quot;background_background&quot;:&quot;classic&quot;}\">\n\t\t\t\t<div class=\"elementor-element elementor-element-70faf8b elementor-widget elementor-widget-heading\" data-id=\"70faf8b\" data-element_type=\"widget\" data-widget_type=\"heading.default\">\n\t\t\t\t<div class=\"elementor-widget-container\">\n\t\t\t\t\t<h2 class=\"elementor-heading-title elementor-size-default\">\u041b\u0435\u0447\u0435\u043d\u0438\u0435 \u0441\u043e\u0441\u0443\u0434\u0438\u0441\u0442\u044b\u0445 \u043e\u0431\u0440\u0430\u0437\u043e\u0432\u0430\u043d\u0438\u0439<\/h2>\t\t\t\t<\/div>\n\t\t\t\t<\/div>\n\t\t\t\t<\/div>\n\t\t\t\t\t<\/div>\n\t\t\t\t<\/div>\n\t\t<div class=\"elementor-element elementor-element-061f58c wd-section-stretch-content e-flex e-con-boxed e-con e-parent\" data-id=\"061f58c\" data-element_type=\"container\">\n\t\t\t\t\t<div class=\"e-con-inner\">\n\t\t<div class=\"elementor-element elementor-element-1fb26e2 wd-section-stretch-content e-con-full e-flex e-con e-child\" data-id=\"1fb26e2\" data-element_type=\"container\">\n\t\t\t\t<div class=\"elementor-element elementor-element-59aed13 elementor-widget elementor-widget-heading\" data-id=\"59aed13\" data-element_type=\"widget\" data-widget_type=\"heading.default\">\n\t\t\t\t<div class=\"elementor-widget-container\">\n\t\t\t\t\t<h2 class=\"elementor-heading-title elementor-size-default\">\u041b\u0435\u0447\u0435\u043d\u0438\u0435 \u0441\u043e\u0441\u0443\u0434\u043e\u0432 \u0441 \u043f\u043e\u043c\u043e\u0449\u044c\u044e Lumenis M22<\/h2>\t\t\t\t<\/div>\n\t\t\t\t<\/div>\n\t\t\t\t<\/div>\n\t\t\t\t\t<\/div>\n\t\t\t\t<\/div>\n\t\t<div class=\"elementor-element elementor-element-1e6940e wd-section-stretch-content e-flex e-con-boxed e-con e-parent\" data-id=\"1e6940e\" data-element_type=\"container\">\n\t\t\t\t\t<div class=\"e-con-inner\">\n\t\t<div class=\"elementor-element elementor-element-85a4fa9 e-con-full e-flex e-con e-child\" data-id=\"85a4fa9\" data-element_type=\"container\">\n\t\t\t\t<div class=\"elementor-element elementor-element-725b0ca elementor-widget elementor-widget-heading\" data-id=\"725b0ca\" data-element_type=\"widget\" data-widget_type=\"heading.default\">\n\t\t\t\t<div class=\"elementor-widget-container\">\n\t\t\t\t\t<h2 class=\"elementor-heading-title elementor-size-default\">\u0418\u0437\u0431\u0430\u0432\u044c\u0442\u0435\u0441\u044c \u043e\u0442 \u0432\u0438\u0434\u0438\u043c\u044b\u0445 \u0441\u043e\u0441\u0443\u0434\u043e\u0432 \u0438 \u043d\u0430\u0441\u043b\u0430\u0436\u0434\u0430\u0439\u0442\u0435\u0441\u044c \u0440\u043e\u0432\u043d\u043e\u0439 \u0438 \u0437\u0434\u043e\u0440\u043e\u0432\u043e\u0439 \u043a\u043e\u0436\u0435\u0439!<\/h2>\t\t\t\t<\/div>\n\t\t\t\t<\/div>\n\t\t\t\t<div class=\"elementor-element elementor-element-3d4bde6 color-scheme-inherit text-left elementor-widget elementor-widget-text-editor\" data-id=\"3d4bde6\" data-element_type=\"widget\" data-widget_type=\"text-editor.default\">\n\t\t\t\t<div class=\"elementor-widget-container\">\n\t\t\t\t\t\t\t\t\t<p class=\"p1\">\u0412 <b>Deia Aesthetic Laser Center,<\/b>, \u043c\u044b \u043f\u0440\u0435\u0434\u043b\u0430\u0433\u0430\u0435\u043c \u044d\u0444\u0444\u0435\u043a\u0442\u0438\u0432\u043d\u044b\u0435 \u0438 \u0431\u0435\u0437\u043e\u043f\u0430\u0441\u043d\u044b\u0435 \u0440\u0435\u0448\u0435\u043d\u0438\u044f \u0434\u043b\u044f \u043b\u0435\u0447\u0435\u043d\u0438\u044f \u0441\u043e\u0441\u0443\u0434\u0438\u0441\u0442\u044b\u0445 \u043f\u043e\u0440\u0430\u0436\u0435\u043d\u0438\u0439, \u0442\u0430\u043a\u0438\u0445 \u043a\u0430\u043a \u043a\u0443\u043f\u0435\u0440\u043e\u0437, \u0440\u043e\u0437\u0430\u0446\u0435\u0430 \u0438\u043b\u0438 \u043b\u043e\u043f\u043d\u0443\u0432\u0448\u0438\u0435 \u0432\u0435\u043d\u044b, \u0441 \u043f\u043e\u043c\u043e\u0449\u044c\u044e \u043f\u0435\u0440\u0435\u0434\u043e\u0432\u043e\u0439 \u043f\u043b\u0430\u0442\u0444\u043e\u0440\u043c\u044b Lumenis M22. <b>Lumenis M22<\/b> \u2013 \u0437\u043e\u043b\u043e\u0442\u043e\u0439 \u0441\u0442\u0430\u043d\u0434\u0430\u0440\u0442 \u0432 \u043d\u0435\u0438\u043d\u0432\u0430\u0437\u0438\u0432\u043d\u044b\u0445 \u0441\u043e\u0441\u0443\u0434\u0438\u0441\u0442\u044b\u0445 \u043f\u0440\u043e\u0446\u0435\u0434\u0443\u0440\u0430\u0445.<\/p><p class=\"p1\"><b>\u0427\u0442\u043e \u0442\u0430\u043a\u043e\u0435 Lumenis M22?<\/b><b><\/b><\/p><p class=\"p1\">Lumenis M22 \u2014 \u044d\u0442\u043e \u0441\u043e\u0432\u0440\u0435\u043c\u0435\u043d\u043d\u0430\u044f \u0441\u0438\u0441\u0442\u0435\u043c\u0430, \u0438\u0441\u043f\u043e\u043b\u044c\u0437\u0443\u044e\u0449\u0430\u044f \u0442\u0435\u0445\u043d\u043e\u043b\u043e\u0433\u0438\u044e <b>IPL (Intense Pulsed Light)<\/b> \u0434\u043b\u044f \u043b\u0435\u0447\u0435\u043d\u0438\u044f \u0448\u0438\u0440\u043e\u043a\u043e\u0433\u043e \u0441\u043f\u0435\u043a\u0442\u0440\u0430 \u0441\u043e\u0441\u0443\u0434\u0438\u0441\u0442\u044b\u0445 \u043f\u043e\u0440\u0430\u0436\u0435\u043d\u0438\u0439 \u043d\u0430 \u043b\u0438\u0446\u0435 \u0438 \u0442\u0435\u043b\u0435. \u0421\u0432\u0435\u0442\u043e\u0432\u0430\u044f \u044d\u043d\u0435\u0440\u0433\u0438\u044f \u043f\u043e\u0433\u043b\u043e\u0449\u0430\u0435\u0442\u0441\u044f \u0440\u0430\u0441\u0448\u0438\u0440\u0435\u043d\u043d\u044b\u043c\u0438 \u043a\u0440\u043e\u0432\u0435\u043d\u043e\u0441\u043d\u044b\u043c\u0438 \u0441\u043e\u0441\u0443\u0434\u0430\u043c\u0438, \u0447\u0442\u043e \u043f\u0440\u0438\u0432\u043e\u0434\u0438\u0442 \u043a \u0438\u0445 \u043f\u043e\u0441\u0442\u0435\u043f\u0435\u043d\u043d\u043e\u043c\u0443 \u0437\u0430\u043a\u0440\u044b\u0442\u0438\u044e, \u043d\u0435 \u043f\u043e\u0432\u0440\u0435\u0436\u0434\u0430\u044f \u043e\u043a\u0440\u0443\u0436\u0430\u044e\u0449\u0438\u0435 \u0442\u043a\u0430\u043d\u0438.<\/p><p class=\"p1\"><b>\u041a\u0430\u043a\u0438\u0435 \u0441\u043e\u0441\u0443\u0434\u0438\u0441\u0442\u044b\u0435 \u043f\u0440\u043e\u0431\u043b\u0435\u043c\u044b \u043c\u044b \u043b\u0435\u0447\u0438\u043c?<\/b><b><\/b><\/p><ul><li>\u041a\u0443\u043f\u0435\u0440\u043e\u0437<\/li><li>\u0420\u043e\u0437\u0430\u0446\u0435\u0430<\/li><li>\u0420\u0430\u0441\u0448\u0438\u0440\u0435\u043d\u043d\u044b\u0435 \u043a\u0430\u043f\u0438\u043b\u043b\u044f\u0440\u044b (\u0442\u0435\u043b\u0435\u0430\u043d\u0433\u0438\u044d\u043a\u0442\u0430\u0437\u0438\u0438)<\/li><li>\u0413\u0435\u043c\u0430\u043d\u0433\u0438\u043e\u043c\u044b<\/li><li>\u0412\u0435\u043d\u043e\u0437\u043d\u044b\u0435 \u0440\u0430\u0441\u0448\u0438\u0440\u0435\u043d\u0438\u044f (\u0440\u0430\u0437\u043e\u0440\u0432\u0430\u043d\u043d\u044b\u0435 \u0441\u043e\u0441\u0443\u0434\u044b \u043d\u0430 \u043d\u043e\u0433\u0430\u0445)<\/li><li>\u041f\u043e\u0441\u0442\u043e\u044f\u043d\u043d\u043e\u0435 \u043f\u043e\u043a\u0440\u0430\u0441\u043d\u0435\u043d\u0438\u0435 \u043b\u0438\u0446\u0430<\/li><\/ul>\t\t\t\t\t\t\t\t<\/div>\n\t\t\t\t<\/div>\n\t\t\t\t<div class=\"elementor-element elementor-element-a7a2226 elementor-align-left elementor-widget elementor-widget-button\" data-id=\"a7a2226\" data-element_type=\"widget\" data-widget_type=\"button.default\">\n\t\t\t\t<div class=\"elementor-widget-container\">\n\t\t\t\t\t\t\t\t\t<div class=\"elementor-button-wrapper\">\n\t\t\t\t\t<a class=\"elementor-button elementor-button-link elementor-size-sm\" href=\"https:\/\/n625907.alteg.io\/\">\n\t\t\t\t\t\t<span class=\"elementor-button-content-wrapper\">\n\t\t\t\t\t\t\t\t\t<span class=\"elementor-button-text\">\u0417\u0430\u043f\u0438\u0448\u0438\u0441\u044c<\/span>\n\t\t\t\t\t<\/span>\n\t\t\t\t\t<\/a>\n\t\t\t\t<\/div>\n\t\t\t\t\t\t\t\t<\/div>\n\t\t\t\t<\/div>\n\t\t\t\t<\/div>\n\t\t<div class=\"elementor-element elementor-element-4eac1da e-con-full e-flex e-con e-child\" data-id=\"4eac1da\" data-element_type=\"container\">\n\t\t\t\t<div class=\"elementor-element elementor-element-fd000e7 elementor-widget elementor-widget-heading\" data-id=\"fd000e7\" data-element_type=\"widget\" data-widget_type=\"heading.default\">\n\t\t\t\t<div class=\"elementor-widget-container\">\n\t\t\t\t\t<h2 class=\"elementor-heading-title elementor-size-default\">\u041a\u0430\u043a \u0440\u0430\u0431\u043e\u0442\u0430\u0435\u0442 \u043f\u0440\u043e\u0446\u0435\u0434\u0443\u0440\u0430?\n<\/h2>\t\t\t\t<\/div>\n\t\t\t\t<\/div>\n\t\t\t\t<div class=\"elementor-element elementor-element-3383030 color-scheme-inherit text-left elementor-widget elementor-widget-text-editor\" data-id=\"3383030\" data-element_type=\"widget\" data-widget_type=\"text-editor.default\">\n\t\t\t\t<div class=\"elementor-widget-container\">\n\t\t\t\t\t\t\t\t\t<p class=\"p1\">\u0418\u0437\u043b\u0443\u0447\u0430\u0435\u043c\u044b\u0439 Lumenis M22 \u0438\u043c\u043f\u0443\u043b\u044c\u0441\u043d\u044b\u0439 \u0441\u0432\u0435\u0442 \u043f\u0440\u043e\u043d\u0438\u043a\u0430\u0435\u0442 \u0432 \u043a\u043e\u0436\u0443 \u0438 \u0441\u0435\u043b\u0435\u043a\u0442\u0438\u0432\u043d\u043e \u043f\u043e\u0433\u043b\u043e\u0449\u0430\u0435\u0442\u0441\u044f \u0433\u0435\u043c\u043e\u0433\u043b\u043e\u0431\u0438\u043d\u043e\u043c \u0432 \u0440\u0430\u0441\u0448\u0438\u0440\u0435\u043d\u043d\u044b\u0445 \u0441\u043e\u0441\u0443\u0434\u0430\u0445. \u042d\u0442\u043e \u0432\u044b\u0437\u044b\u0432\u0430\u0435\u0442 \u043a\u043e\u043d\u0442\u0440\u043e\u043b\u0438\u0440\u0443\u0435\u043c\u043e\u0435 \u0441\u0432\u0435\u0440\u0442\u044b\u0432\u0430\u043d\u0438\u0435 \u0441\u043e\u0441\u0443\u0434\u0430, \u043a\u043e\u0442\u043e\u0440\u044b\u0439 \u0437\u0430\u0442\u0435\u043c \u0435\u0441\u0442\u0435\u0441\u0442\u0432\u0435\u043d\u043d\u044b\u043c \u043e\u0431\u0440\u0430\u0437\u043e\u043c \u0443\u0434\u0430\u043b\u044f\u0435\u0442\u0441\u044f \u043e\u0440\u0433\u0430\u043d\u0438\u0437\u043c\u043e\u043c. \u0420\u0435\u0437\u0443\u043b\u044c\u0442\u0430\u0442: \u0431\u043e\u043b\u0435\u0435 \u0447\u0438\u0441\u0442\u0430\u044f, \u0441\u0438\u044f\u044e\u0449\u0430\u044f \u0438 \u0440\u043e\u0432\u043d\u0430\u044f \u043a\u043e\u0436\u0430.<\/p>\t\t\t\t\t\t\t\t<\/div>\n\t\t\t\t<\/div>\n\t\t\t\t<div class=\"elementor-element elementor-element-49b8e43 elementor-widget elementor-widget-heading\" data-id=\"49b8e43\" data-element_type=\"widget\" data-widget_type=\"heading.default\">\n\t\t\t\t<div class=\"elementor-widget-container\">\n\t\t\t\t\t<h2 class=\"elementor-heading-title elementor-size-default\">\u041f\u0440\u0435\u0438\u043c\u0443\u0449\u0435\u0441\u0442\u0432\u0430:<\/h2>\t\t\t\t<\/div>\n\t\t\t\t<\/div>\n\t\t\t\t<div class=\"elementor-element elementor-element-a0dbfe4 color-scheme-inherit text-left elementor-widget elementor-widget-text-editor\" data-id=\"a0dbfe4\" data-element_type=\"widget\" data-widget_type=\"text-editor.default\">\n\t\t\t\t<div class=\"elementor-widget-container\">\n\t\t\t\t\t\t\t\t\t<ul><li><p class=\"p1\">\u041d\u0435\u0438\u043d\u0432\u0430\u0437\u0438\u0432\u043d\u043e\u0435 \u0438 \u0442\u043e\u0447\u043d\u043e\u0435 \u043b\u0435\u0447\u0435\u043d\u0438\u0435<\/p><\/li><li><p class=\"p1\">\u0411\u0435\u0437 \u0434\u043b\u0438\u0442\u0435\u043b\u044c\u043d\u043e\u0433\u043e \u043f\u0435\u0440\u0438\u043e\u0434\u0430 \u0432\u043e\u0441\u0441\u0442\u0430\u043d\u043e\u0432\u043b\u0435\u043d\u0438\u044f<\/p><\/li><li><p class=\"p1\">\u0411\u0435\u0437\u043e\u043f\u0430\u0441\u043d\u0430\u044f \u0442\u0435\u0445\u043d\u043e\u043b\u043e\u0433\u0438\u044f, \u043e\u0434\u043e\u0431\u0440\u0435\u043d\u043d\u0430\u044f FDA<\/p><\/li><li><p class=\"p1\">\u0417\u0430\u043c\u0435\u0442\u043d\u043e\u0435 \u0443\u043b\u0443\u0447\u0448\u0435\u043d\u0438\u0435 \u0432\u043d\u0435\u0448\u043d\u0435\u0433\u043e \u0432\u0438\u0434\u0430 \u043a\u043e\u0436\u0438 \u0443\u0436\u0435 \u043f\u043e\u0441\u043b\u0435 \u043f\u0435\u0440\u0432\u044b\u0445 \u0441\u0435\u0430\u043d\u0441\u043e\u0432<\/p><\/li><\/ul>\t\t\t\t\t\t\t\t<\/div>\n\t\t\t\t<\/div>\n\t\t\t\t<div class=\"elementor-element elementor-element-0ba7ca4 elementor-invisible elementor-widget elementor-widget-image\" data-id=\"0ba7ca4\" data-element_type=\"widget\" data-settings=\"{&quot;_animation&quot;:&quot;fadeInRight&quot;}\" data-widget_type=\"image.default\">\n\t\t\t\t<div class=\"elementor-widget-container\">\n\t\t\t\t\t\t\t\t\t\t\t\t\t\t\t<img fetchpriority=\"high\" decoding=\"async\" width=\"1024\" height=\"681\" src=\"https:\/\/deiasalon.md\/wp-content\/uploads\/2025\/03\/DSC0392-1-1024x681.jpg\" class=\"attachment-large size-large wp-image-784\" alt=\"\" srcset=\"https:\/\/deiasalon.md\/wp-content\/uploads\/2025\/03\/DSC0392-1-1024x681.jpg 1024w, https:\/\/deiasalon.md\/wp-content\/uploads\/2025\/03\/DSC0392-1-300x200.jpg 300w, https:\/\/deiasalon.md\/wp-content\/uploads\/2025\/03\/DSC0392-1-768x511.jpg 768w, https:\/\/deiasalon.md\/wp-content\/uploads\/2025\/03\/DSC0392-1-1536x1022.jpg 1536w, https:\/\/deiasalon.md\/wp-content\/uploads\/2025\/03\/DSC0392-1-2048x1363.jpg 2048w, https:\/\/deiasalon.md\/wp-content\/uploads\/2025\/03\/DSC0392-1-18x12.jpg 18w\" sizes=\"(max-width: 1024px) 100vw, 1024px\" \/>\t\t\t\t\t\t\t\t\t\t\t\t\t\t\t<\/div>\n\t\t\t\t<\/div>\n\t\t\t\t<\/div>\n\t\t\t\t\t<\/div>\n\t\t\t\t<\/div>\n\t\t<div class=\"elementor-element elementor-element-6b398a4 wd-section-stretch-content e-flex e-con-boxed e-con e-parent\" data-id=\"6b398a4\" data-element_type=\"container\">\n\t\t\t\t\t<div class=\"e-con-inner\">\n\t\t<div class=\"elementor-element elementor-element-800d2a4 e-con-full e-flex e-con e-child\" data-id=\"800d2a4\" data-element_type=\"container\">\n\t\t\t\t<div class=\"elementor-element elementor-element-6c493d1 elementor-widget elementor-widget-heading\" data-id=\"6c493d1\" data-element_type=\"widget\" data-widget_type=\"heading.default\">\n\t\t\t\t<div class=\"elementor-widget-container\">\n\t\t\t\t\t<h2 class=\"elementor-heading-title elementor-size-default\">\u041a\u0430\u043a \u043f\u0440\u043e\u0445\u043e\u0434\u0438\u0442 \u043f\u0440\u043e\u0446\u0435\u0434\u0443\u0440\u0430?    <\/h2>\t\t\t\t<\/div>\n\t\t\t\t<\/div>\n\t\t\t\t<div class=\"elementor-element elementor-element-523b1e8 color-scheme-inherit text-left elementor-widget elementor-widget-text-editor\" data-id=\"523b1e8\" data-element_type=\"widget\" data-widget_type=\"text-editor.default\">\n\t\t\t\t<div class=\"elementor-widget-container\">\n\t\t\t\t\t\t\t\t\t<p class=\"p1\">\u041f\u0440\u043e\u0434\u043e\u043b\u0436\u0438\u0442\u0435\u043b\u044c\u043d\u043e\u0441\u0442\u044c \u043f\u0440\u043e\u0446\u0435\u0434\u0443\u0440\u044b \u0441\u043e\u0441\u0442\u0430\u0432\u043b\u044f\u0435\u0442 <b>20-40 \u043c\u0438\u043d\u0443\u0442<\/b>, \u0432 \u0437\u0430\u0432\u0438\u0441\u0438\u043c\u043e\u0441\u0442\u0438 \u043e\u0442 \u043e\u0431\u0440\u0430\u0431\u0430\u0442\u044b\u0432\u0430\u0435\u043c\u043e\u0439 \u0437\u043e\u043d\u044b. \u041d\u0430\u043d\u043e\u0441\u0438\u0442\u0441\u044f \u043e\u0445\u043b\u0430\u0436\u0434\u0430\u044e\u0449\u0438\u0439 \u0433\u0435\u043b\u044c, \u0430 \u0441\u0432\u0435\u0442\u043e\u0432\u0430\u044f \u044d\u043d\u0435\u0440\u0433\u0438\u044f \u043f\u043e\u0434\u0430\u0435\u0442\u0441\u044f \u0447\u0435\u0440\u0435\u0437 \u0430\u043f\u043f\u043b\u0438\u043a\u0430\u0442\u043e\u0440 Lumenis M22. \u041f\u0430\u0446\u0438\u0435\u043d\u0442 \u043c\u043e\u0436\u0435\u0442 \u043f\u043e\u0447\u0443\u0432\u0441\u0442\u0432\u043e\u0432\u0430\u0442\u044c \u043b\u0435\u0433\u043a\u043e\u0435 \u0442\u0435\u043f\u043b\u043e \u0438\u043b\u0438 \u043d\u0435\u0431\u043e\u043b\u044c\u0448\u0438\u0435 \u043f\u043e\u043a\u0430\u043b\u044b\u0432\u0430\u043d\u0438\u044f.<\/p>\t\t\t\t\t\t\t\t<\/div>\n\t\t\t\t<\/div>\n\t\t\t\t<\/div>\n\t\t<div class=\"elementor-element elementor-element-b76c90b e-con-full e-flex e-con e-child\" data-id=\"b76c90b\" data-element_type=\"container\">\n\t\t\t\t<div class=\"elementor-element elementor-element-32b9d1a elementor-widget elementor-widget-heading\" data-id=\"32b9d1a\" data-element_type=\"widget\" data-widget_type=\"heading.default\">\n\t\t\t\t<div class=\"elementor-widget-container\">\n\t\t\t\t\t<h2 class=\"elementor-heading-title elementor-size-default\">\u0420\u0435\u043a\u043e\u043c\u0435\u043d\u0434\u0430\u0446\u0438\u0438 \u043f\u043e\u0441\u043b\u0435 \u043f\u0440\u043e\u0446\u0435\u0434\u0443\u0440\u044b:\n<\/h2>\t\t\t\t<\/div>\n\t\t\t\t<\/div>\n\t\t\t\t<div class=\"elementor-element elementor-element-c891320 color-scheme-inherit text-left elementor-widget elementor-widget-text-editor\" data-id=\"c891320\" data-element_type=\"widget\" data-widget_type=\"text-editor.default\">\n\t\t\t\t<div class=\"elementor-widget-container\">\n\t\t\t\t\t\t\t\t\t<ul><li><p class=\"p1\">\u0418\u0437\u0431\u0435\u0433\u0430\u0442\u044c \u043f\u0440\u044f\u043c\u043e\u0433\u043e \u0432\u043e\u0437\u0434\u0435\u0439\u0441\u0442\u0432\u0438\u044f \u0441\u043e\u043b\u043d\u0446\u0430 \u0438 \u0438\u0441\u043f\u043e\u043b\u044c\u0437\u043e\u0432\u0430\u0442\u044c \u043a\u0440\u0435\u043c\u044b \u0441 SPF 50+ \u0434\u043b\u044f \u0437\u0430\u0449\u0438\u0442\u044b \u043e\u0442 \u0441\u043e\u043b\u043d\u0446\u0430.<\/p><\/li><li><p class=\"p1\">\u0418\u0437\u0431\u0435\u0433\u0430\u0442\u044c \u0441\u0430\u0443\u043d \u0438 \u0433\u043e\u0440\u044f\u0447\u0438\u0445 \u0432\u0430\u043d\u043d \u0432 \u0442\u0435\u0447\u0435\u043d\u0438\u0435 \u043d\u0435\u0441\u043a\u043e\u043b\u044c\u043a\u0438\u0445 \u0434\u043d\u0435\u0439.<\/p><\/li><li><p class=\"p1\">\u0423\u0432\u043b\u0430\u0436\u043d\u0435\u043d\u0438\u0435 \u043a\u043e\u0436\u0438<\/p><\/li><\/ul>\t\t\t\t\t\t\t\t<\/div>\n\t\t\t\t<\/div>\n\t\t\t\t<\/div>\n\t\t<div class=\"elementor-element elementor-element-8a3ddb7 e-con-full e-flex e-con e-child\" data-id=\"8a3ddb7\" data-element_type=\"container\">\n\t\t\t\t<div class=\"elementor-element elementor-element-a2052fa elementor-widget elementor-widget-heading\" data-id=\"a2052fa\" data-element_type=\"widget\" data-widget_type=\"heading.default\">\n\t\t\t\t<div class=\"elementor-widget-container\">\n\t\t\t\t\t<h2 class=\"elementor-heading-title elementor-size-default\">\u0421\u043a\u043e\u043b\u044c\u043a\u043e \u0441\u0435\u0430\u043d\u0441\u043e\u0432 \u043d\u0435\u043e\u0431\u0445\u043e\u0434\u0438\u043c\u043e?\n<\/h2>\t\t\t\t<\/div>\n\t\t\t\t<\/div>\n\t\t\t\t<div class=\"elementor-element elementor-element-f9b8807 color-scheme-inherit text-left elementor-widget elementor-widget-text-editor\" data-id=\"f9b8807\" data-element_type=\"widget\" data-widget_type=\"text-editor.default\">\n\t\t\t\t<div class=\"elementor-widget-container\">\n\t\t\t\t\t\t\t\t\t<p class=\"p1\">\u041a\u043e\u043b\u0438\u0447\u0435\u0441\u0442\u0432\u043e \u0441\u0435\u0430\u043d\u0441\u043e\u0432 \u0437\u0430\u0432\u0438\u0441\u0438\u0442 \u043e\u0442 \u0442\u044f\u0436\u0435\u0441\u0442\u0438 \u043f\u043e\u0440\u0430\u0436\u0435\u043d\u0438\u0439, \u043d\u043e \u043e\u0431\u044b\u0447\u043d\u043e \u0442\u0440\u0435\u0431\u0443\u0435\u0442\u0441\u044f \u043e\u0442 <b>2-4 \u0441\u0435\u0430\u043d\u0441\u0430<\/b> \u0441 \u0438\u043d\u0442\u0435\u0440\u0432\u0430\u043b\u043e\u043c 4-6 \u043d\u0435\u0434\u0435\u043b\u044c \u0434\u043b\u044f \u043e\u043f\u0442\u0438\u043c\u0430\u043b\u044c\u043d\u044b\u0445 \u0440\u0435\u0437\u0443\u043b\u044c\u0442\u0430\u0442\u043e\u0432.<\/p><p>\u0417\u0430\u043f\u0438\u0448\u0438\u0442\u0435\u0441\u044c \u043d\u0430 \u0438\u043d\u0434\u0438\u0432\u0438\u0434\u0443\u0430\u043b\u044c\u043d\u0443\u044e \u043a\u043e\u043d\u0441\u0443\u043b\u044c\u0442\u0430\u0446\u0438\u044e \u0432 Deia Aesthetic Laser Center \u0438 \u0438\u0437\u0431\u0430\u0432\u044c\u0442\u0435\u0441\u044c \u043e\u0442 \u0440\u0430\u0437\u043e\u0440\u0432\u0430\u043d\u043d\u044b\u0445 \u0441\u043e\u0441\u0443\u0434\u043e\u0432 \u0438\u043b\u0438 \u043f\u043e\u0441\u0442\u043e\u044f\u043d\u043d\u043e\u0433\u043e \u043f\u043e\u043a\u0440\u0430\u0441\u043d\u0435\u043d\u0438\u044f \u0441 \u043f\u043e\u043c\u043e\u0449\u044c\u044e \u0442\u0435\u0445\u043d\u043e\u043b\u043e\u0433\u0438\u0438 Lumenis M22.<\/p><p>\u0412\u0435\u0440\u043d\u0438 \u0441\u0432\u043e\u0435\u043c\u0443 \u043b\u0438\u0446\u0443 \u0447\u0438\u0441\u0442\u043e\u0442\u0443 \u0438 \u0435\u0441\u0442\u0435\u0441\u0442\u0432\u0435\u043d\u043d\u0443\u044e \u043a\u0440\u0430\u0441\u043e\u0442\u0443!<\/p>\t\t\t\t\t\t\t\t<\/div>\n\t\t\t\t<\/div>\n\t\t\t\t<\/div>\n\t\t\t\t\t<\/div>\n\t\t\t\t<\/div>\n\t\t<div class=\"elementor-element elementor-element-d79f949 wd-section-stretch-content e-flex e-con-boxed e-con e-parent\" data-id=\"d79f949\" data-element_type=\"container\">\n\t\t\t\t\t<div class=\"e-con-inner\">\n\t\t\t\t<div class=\"elementor-element elementor-element-65b83b9 elementor-align-center elementor-widget elementor-widget-button\" data-id=\"65b83b9\" data-element_type=\"widget\" data-widget_type=\"button.default\">\n\t\t\t\t<div class=\"elementor-widget-container\">\n\t\t\t\t\t\t\t\t\t<div class=\"elementor-button-wrapper\">\n\t\t\t\t\t<a class=\"elementor-button elementor-button-link elementor-size-sm\" href=\"https:\/\/n625907.alteg.io\/\">\n\t\t\t\t\t\t<span class=\"elementor-button-content-wrapper\">\n\t\t\t\t\t\t\t\t\t<span class=\"elementor-button-text\">\u0417\u0430\u043f\u0438\u0448\u0438\u0441\u044c<\/span>\n\t\t\t\t\t<\/span>\n\t\t\t\t\t<\/a>\n\t\t\t\t<\/div>\n\t\t\t\t\t\t\t\t<\/div>\n\t\t\t\t<\/div>\n\t\t\t\t\t<\/div>\n\t\t\t\t<\/div>\n\t\t<div class=\"elementor-element elementor-element-e1c4fac wd-section-stretch-content e-flex e-con-boxed elementor-invisible e-con e-parent\" data-id=\"e1c4fac\" data-element_type=\"container\" data-settings=\"{&quot;animation&quot;:&quot;fadeInUp&quot;}\">\n\t\t\t\t\t<div class=\"e-con-inner\">\n\t\t<div class=\"elementor-element elementor-element-0b58b4a e-con-full e-flex e-con e-child\" data-id=\"0b58b4a\" data-element_type=\"container\">\n\t\t\t\t<div class=\"elementor-element elementor-element-8589992 elementor-widget elementor-widget-image\" data-id=\"8589992\" data-element_type=\"widget\" data-widget_type=\"image.default\">\n\t\t\t\t<div class=\"elementor-widget-container\">\n\t\t\t\t\t\t\t\t\t\t\t\t\t\t\t<img decoding=\"async\" width=\"1024\" height=\"1024\" src=\"https:\/\/deiasalon.md\/wp-content\/uploads\/2025\/03\/IMG_9846-1024x1024.jpg\" class=\"attachment-large size-large wp-image-1097\" alt=\"\" srcset=\"https:\/\/deiasalon.md\/wp-content\/uploads\/2025\/03\/IMG_9846-1024x1024.jpg 1024w, https:\/\/deiasalon.md\/wp-content\/uploads\/2025\/03\/IMG_9846-300x300.jpg 300w, https:\/\/deiasalon.md\/wp-content\/uploads\/2025\/03\/IMG_9846-150x150.jpg 150w, https:\/\/deiasalon.md\/wp-content\/uploads\/2025\/03\/IMG_9846-768x768.jpg 768w, https:\/\/deiasalon.md\/wp-content\/uploads\/2025\/03\/IMG_9846-12x12.jpg 12w, https:\/\/deiasalon.md\/wp-content\/uploads\/2025\/03\/IMG_9846.jpg 1280w\" sizes=\"(max-width: 1024px) 100vw, 1024px\" \/>\t\t\t\t\t\t\t\t\t\t\t\t\t\t\t<\/div>\n\t\t\t\t<\/div>\n\t\t\t\t<\/div>\n\t\t<div class=\"elementor-element elementor-element-b336ccb e-con-full e-flex e-con e-child\" data-id=\"b336ccb\" data-element_type=\"container\">\n\t\t\t\t<div class=\"elementor-element elementor-element-dc9ad41 elementor-widget elementor-widget-image\" data-id=\"dc9ad41\" data-element_type=\"widget\" data-widget_type=\"image.default\">\n\t\t\t\t<div class=\"elementor-widget-container\">\n\t\t\t\t\t\t\t\t\t\t\t\t\t\t\t<img decoding=\"async\" width=\"1024\" height=\"1024\" src=\"https:\/\/deiasalon.md\/wp-content\/uploads\/2025\/03\/IMG_3359-1024x1024.jpg\" class=\"attachment-large size-large wp-image-1096\" alt=\"\" srcset=\"https:\/\/deiasalon.md\/wp-content\/uploads\/2025\/03\/IMG_3359-1024x1024.jpg 1024w, https:\/\/deiasalon.md\/wp-content\/uploads\/2025\/03\/IMG_3359-300x300.jpg 300w, https:\/\/deiasalon.md\/wp-content\/uploads\/2025\/03\/IMG_3359-150x150.jpg 150w, https:\/\/deiasalon.md\/wp-content\/uploads\/2025\/03\/IMG_3359-768x768.jpg 768w, https:\/\/deiasalon.md\/wp-content\/uploads\/2025\/03\/IMG_3359-1536x1536.jpg 1536w, https:\/\/deiasalon.md\/wp-content\/uploads\/2025\/03\/IMG_3359-2048x2048.jpg 2048w, https:\/\/deiasalon.md\/wp-content\/uploads\/2025\/03\/IMG_3359-12x12.jpg 12w\" sizes=\"(max-width: 1024px) 100vw, 1024px\" \/>\t\t\t\t\t\t\t\t\t\t\t\t\t\t\t<\/div>\n\t\t\t\t<\/div>\n\t\t\t\t<\/div>\n\t\t<div class=\"elementor-element elementor-element-e1663a7 e-con-full e-flex e-con e-child\" data-id=\"e1663a7\" data-element_type=\"container\">\n\t\t\t\t<div class=\"elementor-element elementor-element-9d38fc8 elementor-widget elementor-widget-image\" data-id=\"9d38fc8\" data-element_type=\"widget\" data-widget_type=\"image.default\">\n\t\t\t\t<div class=\"elementor-widget-container\">\n\t\t\t\t\t\t\t\t\t\t\t\t\t\t\t<img loading=\"lazy\" decoding=\"async\" width=\"1024\" height=\"1024\" src=\"https:\/\/deiasalon.md\/wp-content\/uploads\/2025\/03\/IMG_2064-1024x1024.jpg\" class=\"attachment-large size-large wp-image-1095\" alt=\"\" srcset=\"https:\/\/deiasalon.md\/wp-content\/uploads\/2025\/03\/IMG_2064-1024x1024.jpg 1024w, https:\/\/deiasalon.md\/wp-content\/uploads\/2025\/03\/IMG_2064-300x300.jpg 300w, https:\/\/deiasalon.md\/wp-content\/uploads\/2025\/03\/IMG_2064-150x150.jpg 150w, https:\/\/deiasalon.md\/wp-content\/uploads\/2025\/03\/IMG_2064-768x768.jpg 768w, https:\/\/deiasalon.md\/wp-content\/uploads\/2025\/03\/IMG_2064-1536x1536.jpg 1536w, https:\/\/deiasalon.md\/wp-content\/uploads\/2025\/03\/IMG_2064-2048x2048.jpg 2048w, https:\/\/deiasalon.md\/wp-content\/uploads\/2025\/03\/IMG_2064-12x12.jpg 12w\" sizes=\"(max-width: 1024px) 100vw, 1024px\" \/>\t\t\t\t\t\t\t\t\t\t\t\t\t\t\t<\/div>\n\t\t\t\t<\/div>\n\t\t\t\t<\/div>\n\t\t\t\t\t<\/div>\n\t\t\t\t<\/div>\n\t\t\t\t<\/div>","protected":false},"excerpt":{"rendered":"<p>Tratament Vascularizare Tratamentul Vaselor de S\u00e2nge cu Lumenis M22 Scap\u0103 de vasele de s\u00e2nge vizibile \u0219i bucur\u0103-te de un ten<\/p>","protected":false},"author":1,"featured_media":0,"parent":0,"menu_order":0,"comment_status":"closed","ping_status":"closed","template":"","meta":{"footnotes":""},"class_list":["post-386","page","type-page","status-publish","hentry"],"_links":{"self":[{"href":"https:\/\/deiasalon.md\/ru\/wp-json\/wp\/v2\/pages\/386","targetHints":{"allow":["GET"]}}],"collection":[{"href":"https:\/\/deiasalon.md\/ru\/wp-json\/wp\/v2\/pages"}],"about":[{"href":"https:\/\/deiasalon.md\/ru\/wp-json\/wp\/v2\/types\/page"}],"author":[{"embeddable":true,"href":"https:\/\/deiasalon.md\/ru\/wp-json\/wp\/v2\/users\/1"}],"replies":[{"embeddable":true,"href":"https:\/\/deiasalon.md\/ru\/wp-json\/wp\/v2\/comments?post=386"}],"version-history":[{"count":52,"href":"https:\/\/deiasalon.md\/ru\/wp-json\/wp\/v2\/pages\/386\/revisions"}],"predecessor-version":[{"id":2171,"href":"https:\/\/deiasalon.md\/ru\/wp-json\/wp\/v2\/pages\/386\/revisions\/2171"}],"wp:attachment":[{"href":"https:\/\/deiasalon.md\/ru\/wp-json\/wp\/v2\/media?parent=386"}],"curies":[{"name":"wp","href":"https:\/\/api.w.org\/{rel}","templated":true}]}}