{"id":387,"date":"2025-03-24T08:56:07","date_gmt":"2025-03-24T08:56:07","guid":{"rendered":"https:\/\/krabsbar.com\/?page_id=387"},"modified":"2025-03-31T07:35:48","modified_gmt":"2025-03-31T07:35:48","slug":"tratament-acnee","status":"publish","type":"page","link":"https:\/\/deiasalon.md\/ru\/tratament-acnee\/","title":{"rendered":"\u041b\u0435\u0447\u0435\u043d\u0438\u0435 \u0430\u043a\u043d\u0435"},"content":{"rendered":"<div data-elementor-type=\"wp-page\" data-elementor-id=\"387\" class=\"elementor elementor-387\" data-elementor-post-type=\"page\">\n\t\t\t\t<div class=\"elementor-element elementor-element-382defc wd-section-stretch-content e-flex e-con-boxed e-con e-parent\" data-id=\"382defc\" data-element_type=\"container\">\n\t\t\t\t\t<div class=\"e-con-inner\">\n\t\t<div class=\"elementor-element elementor-element-3aec6bd wd-section-stretch-content e-con-full e-flex e-con e-child\" data-id=\"3aec6bd\" data-element_type=\"container\" data-settings=\"{&quot;background_background&quot;:&quot;classic&quot;}\">\n\t\t\t\t<div class=\"elementor-element elementor-element-0527bee elementor-widget elementor-widget-heading\" data-id=\"0527bee\" data-element_type=\"widget\" data-widget_type=\"heading.default\">\n\t\t\t\t<div class=\"elementor-widget-container\">\n\t\t\t\t\t<h2 class=\"elementor-heading-title elementor-size-default\">\u041b\u0435\u0447\u0435\u043d\u0438\u0435 \u0430\u043a\u043d\u0435<\/h2>\t\t\t\t<\/div>\n\t\t\t\t<\/div>\n\t\t\t\t<\/div>\n\t\t\t\t\t<\/div>\n\t\t\t\t<\/div>\n\t\t<div class=\"elementor-element elementor-element-901de61 wd-section-stretch-content e-flex e-con-boxed e-con e-parent\" data-id=\"901de61\" data-element_type=\"container\">\n\t\t\t\t\t<div class=\"e-con-inner\">\n\t\t<div class=\"elementor-element elementor-element-f9fcfac wd-section-stretch-content e-con-full e-flex e-con e-child\" data-id=\"f9fcfac\" data-element_type=\"container\">\n\t\t\t\t<div class=\"elementor-element elementor-element-5210ca9 elementor-widget elementor-widget-heading\" data-id=\"5210ca9\" data-element_type=\"widget\" data-widget_type=\"heading.default\">\n\t\t\t\t<div class=\"elementor-widget-container\">\n\t\t\t\t\t<h2 class=\"elementor-heading-title elementor-size-default\">\u041b\u0435\u0447\u0435\u043d\u0438\u0435 \u0430\u043a\u043d\u0435 \u0441 \u0438\u0441\u043f\u043e\u043b\u044c\u0437\u043e\u0432\u0430\u043d\u0438\u0435\u043c Lumenis M22<\/h2>\t\t\t\t<\/div>\n\t\t\t\t<\/div>\n\t\t\t\t<\/div>\n\t\t\t\t\t<\/div>\n\t\t\t\t<\/div>\n\t\t<div class=\"elementor-element elementor-element-ddff0e8 wd-section-stretch-content e-flex e-con-boxed elementor-invisible e-con e-parent\" data-id=\"ddff0e8\" data-element_type=\"container\" data-settings=\"{&quot;animation&quot;:&quot;fadeInUp&quot;}\">\n\t\t\t\t\t<div class=\"e-con-inner\">\n\t\t<div class=\"elementor-element elementor-element-258bda8 e-con-full e-flex e-con e-child\" data-id=\"258bda8\" data-element_type=\"container\">\n\t\t\t\t<div class=\"elementor-element elementor-element-19ad2b8 elementor-widget elementor-widget-image\" data-id=\"19ad2b8\" data-element_type=\"widget\" data-widget_type=\"image.default\">\n\t\t\t\t<div class=\"elementor-widget-container\">\n\t\t\t\t\t\t\t\t\t\t\t\t\t\t\t<img fetchpriority=\"high\" decoding=\"async\" width=\"1024\" height=\"1024\" src=\"https:\/\/deiasalon.md\/wp-content\/uploads\/2025\/03\/IMG_7134-1024x1024.jpg\" class=\"attachment-large size-large wp-image-1102\" alt=\"\" srcset=\"https:\/\/deiasalon.md\/wp-content\/uploads\/2025\/03\/IMG_7134-1024x1024.jpg 1024w, https:\/\/deiasalon.md\/wp-content\/uploads\/2025\/03\/IMG_7134-300x300.jpg 300w, https:\/\/deiasalon.md\/wp-content\/uploads\/2025\/03\/IMG_7134-150x150.jpg 150w, https:\/\/deiasalon.md\/wp-content\/uploads\/2025\/03\/IMG_7134-768x768.jpg 768w, https:\/\/deiasalon.md\/wp-content\/uploads\/2025\/03\/IMG_7134-1536x1536.jpg 1536w, https:\/\/deiasalon.md\/wp-content\/uploads\/2025\/03\/IMG_7134-2048x2048.jpg 2048w, https:\/\/deiasalon.md\/wp-content\/uploads\/2025\/03\/IMG_7134-12x12.jpg 12w\" sizes=\"(max-width: 1024px) 100vw, 1024px\" \/>\t\t\t\t\t\t\t\t\t\t\t\t\t\t\t<\/div>\n\t\t\t\t<\/div>\n\t\t\t\t<\/div>\n\t\t<div class=\"elementor-element elementor-element-336c599 e-con-full e-flex e-con e-child\" data-id=\"336c599\" data-element_type=\"container\">\n\t\t\t\t<div class=\"elementor-element elementor-element-3559d0d elementor-widget elementor-widget-image\" data-id=\"3559d0d\" data-element_type=\"widget\" data-widget_type=\"image.default\">\n\t\t\t\t<div class=\"elementor-widget-container\">\n\t\t\t\t\t\t\t\t\t\t\t\t\t\t\t<img decoding=\"async\" width=\"1024\" height=\"1024\" src=\"https:\/\/deiasalon.md\/wp-content\/uploads\/2025\/03\/2025-03-25-17.53.00-1024x1024.jpg\" class=\"attachment-large size-large wp-image-1103\" alt=\"\" srcset=\"https:\/\/deiasalon.md\/wp-content\/uploads\/2025\/03\/2025-03-25-17.53.00-1024x1024.jpg 1024w, https:\/\/deiasalon.md\/wp-content\/uploads\/2025\/03\/2025-03-25-17.53.00-300x300.jpg 300w, https:\/\/deiasalon.md\/wp-content\/uploads\/2025\/03\/2025-03-25-17.53.00-150x150.jpg 150w, https:\/\/deiasalon.md\/wp-content\/uploads\/2025\/03\/2025-03-25-17.53.00-768x768.jpg 768w, https:\/\/deiasalon.md\/wp-content\/uploads\/2025\/03\/2025-03-25-17.53.00-12x12.jpg 12w, https:\/\/deiasalon.md\/wp-content\/uploads\/2025\/03\/2025-03-25-17.53.00.jpg 1280w\" sizes=\"(max-width: 1024px) 100vw, 1024px\" \/>\t\t\t\t\t\t\t\t\t\t\t\t\t\t\t<\/div>\n\t\t\t\t<\/div>\n\t\t\t\t<\/div>\n\t\t<div class=\"elementor-element elementor-element-07e2382 e-con-full e-flex e-con e-child\" data-id=\"07e2382\" data-element_type=\"container\">\n\t\t\t\t<div class=\"elementor-element elementor-element-3ec5afe elementor-widget elementor-widget-image\" data-id=\"3ec5afe\" data-element_type=\"widget\" data-widget_type=\"image.default\">\n\t\t\t\t<div class=\"elementor-widget-container\">\n\t\t\t\t\t\t\t\t\t\t\t\t\t\t\t<img decoding=\"async\" width=\"1024\" height=\"1024\" src=\"https:\/\/deiasalon.md\/wp-content\/uploads\/2025\/03\/IMG_4298-1024x1024.jpg\" class=\"attachment-large size-large wp-image-1104\" alt=\"\" srcset=\"https:\/\/deiasalon.md\/wp-content\/uploads\/2025\/03\/IMG_4298-1024x1024.jpg 1024w, https:\/\/deiasalon.md\/wp-content\/uploads\/2025\/03\/IMG_4298-300x300.jpg 300w, https:\/\/deiasalon.md\/wp-content\/uploads\/2025\/03\/IMG_4298-150x150.jpg 150w, https:\/\/deiasalon.md\/wp-content\/uploads\/2025\/03\/IMG_4298-768x768.jpg 768w, https:\/\/deiasalon.md\/wp-content\/uploads\/2025\/03\/IMG_4298-1536x1536.jpg 1536w, https:\/\/deiasalon.md\/wp-content\/uploads\/2025\/03\/IMG_4298-2048x2048.jpg 2048w, https:\/\/deiasalon.md\/wp-content\/uploads\/2025\/03\/IMG_4298-12x12.jpg 12w\" sizes=\"(max-width: 1024px) 100vw, 1024px\" \/>\t\t\t\t\t\t\t\t\t\t\t\t\t\t\t<\/div>\n\t\t\t\t<\/div>\n\t\t\t\t<\/div>\n\t\t\t\t\t<\/div>\n\t\t\t\t<\/div>\n\t\t<div class=\"elementor-element elementor-element-8518c58 wd-section-stretch-content e-flex e-con-boxed e-con e-parent\" data-id=\"8518c58\" data-element_type=\"container\">\n\t\t\t\t\t<div class=\"e-con-inner\">\n\t\t\t\t<div class=\"elementor-element elementor-element-d5af59b elementor-widget elementor-widget-heading\" data-id=\"d5af59b\" data-element_type=\"widget\" data-widget_type=\"heading.default\">\n\t\t\t\t<div class=\"elementor-widget-container\">\n\t\t\t\t\t<h2 class=\"elementor-heading-title elementor-size-default\">\u041a\u043e\u043d\u0442\u0440\u043e\u043b\u044c \u043d\u0430\u0434 \u0430\u043a\u043d\u0435, \u0447\u0438\u0441\u0442\u0430\u044f \u0438 \u0437\u0434\u043e\u0440\u043e\u0432\u0430\u044f \u043a\u043e\u0436\u0430<\/h2>\t\t\t\t<\/div>\n\t\t\t\t<\/div>\n\t\t\t\t<div class=\"elementor-element elementor-element-39875a5 color-scheme-inherit text-left elementor-widget elementor-widget-text-editor\" data-id=\"39875a5\" data-element_type=\"widget\" data-widget_type=\"text-editor.default\">\n\t\t\t\t<div class=\"elementor-widget-container\">\n\t\t\t\t\t\t\t\t\t<p>\u0410\u043a\u043d\u0435 \u043c\u043e\u0436\u0435\u0442 \u043f\u043e\u0432\u043b\u0438\u044f\u0442\u044c \u043a\u0430\u043a \u043d\u0430 \u0432\u043d\u0435\u0448\u043d\u0438\u0439 \u0432\u0438\u0434 \u043a\u043e\u0436\u0438, \u0442\u0430\u043a \u0438 \u043d\u0430 \u0443\u0432\u0435\u0440\u0435\u043d\u043d\u043e\u0441\u0442\u044c \u0432 \u0441\u0435\u0431\u0435, \u043d\u0435\u0437\u0430\u0432\u0438\u0441\u0438\u043c\u043e \u043e\u0442 \u0432\u043e\u0437\u0440\u0430\u0441\u0442\u0430. \u0412 <b>Deia Aesthetic Laser Center,<\/b>, \u043c\u044b \u043f\u0440\u0435\u0434\u043b\u0430\u0433\u0430\u0435\u043c \u044d\u0444\u0444\u0435\u043a\u0442\u0438\u0432\u043d\u043e\u0435 \u0438 \u043d\u0435\u0438\u043d\u0432\u0430\u0437\u0438\u0432\u043d\u043e\u0435 \u0440\u0435\u0448\u0435\u043d\u0438\u0435 \u0434\u043b\u044f \u043b\u0435\u0447\u0435\u043d\u0438\u044f \u0430\u043a\u0442\u0438\u0432\u043d\u043e\u0433\u043e \u0430\u043a\u043d\u0435, \u0438\u0441\u043f\u043e\u043b\u044c\u0437\u0443\u044f \u043d\u043e\u0432\u0435\u0439\u0448\u0438\u0435 \u0442\u0435\u0445\u043d\u043e\u043b\u043e\u0433\u0438\u0438. <b>Lumenis M22<\/b>.<\/p>\t\t\t\t\t\t\t\t<\/div>\n\t\t\t\t<\/div>\n\t\t\t\t<div class=\"elementor-element elementor-element-2e2848e elementor-align-center elementor-widget elementor-widget-button\" data-id=\"2e2848e\" data-element_type=\"widget\" data-widget_type=\"button.default\">\n\t\t\t\t<div class=\"elementor-widget-container\">\n\t\t\t\t\t\t\t\t\t<div class=\"elementor-button-wrapper\">\n\t\t\t\t\t<a class=\"elementor-button elementor-button-link elementor-size-sm\" href=\"https:\/\/n625907.alteg.io\/\">\n\t\t\t\t\t\t<span class=\"elementor-button-content-wrapper\">\n\t\t\t\t\t\t\t\t\t<span class=\"elementor-button-text\">\u0417\u0430\u043f\u0438\u0448\u0438\u0441\u044c<\/span>\n\t\t\t\t\t<\/span>\n\t\t\t\t\t<\/a>\n\t\t\t\t<\/div>\n\t\t\t\t\t\t\t\t<\/div>\n\t\t\t\t<\/div>\n\t\t\t\t\t<\/div>\n\t\t\t\t<\/div>\n\t\t<div class=\"elementor-element elementor-element-f344a6c wd-section-stretch-content e-flex e-con-boxed e-con e-parent\" data-id=\"f344a6c\" data-element_type=\"container\">\n\t\t\t\t\t<div class=\"e-con-inner\">\n\t\t<div class=\"elementor-element elementor-element-f3ad786 e-con-full e-flex e-con e-child\" data-id=\"f3ad786\" data-element_type=\"container\">\n\t\t\t\t<div class=\"elementor-element elementor-element-8020ea0 elementor-widget elementor-widget-heading\" data-id=\"8020ea0\" data-element_type=\"widget\" data-widget_type=\"heading.default\">\n\t\t\t\t<div class=\"elementor-widget-container\">\n\t\t\t\t\t<h2 class=\"elementor-heading-title elementor-size-default\">\u0427\u0442\u043e \u0442\u0430\u043a\u043e\u0435 Lumenis M22?<\/h2>\t\t\t\t<\/div>\n\t\t\t\t<\/div>\n\t\t\t\t<div class=\"elementor-element elementor-element-c263632 color-scheme-inherit text-left elementor-widget elementor-widget-text-editor\" data-id=\"c263632\" data-element_type=\"widget\" data-widget_type=\"text-editor.default\">\n\t\t\t\t<div class=\"elementor-widget-container\">\n\t\t\t\t\t\t\t\t\t<p>Lumenis M22 \u2014 \u044d\u0442\u043e \u0440\u0435\u0432\u043e\u043b\u044e\u0446\u0438\u043e\u043d\u043d\u0430\u044f \u0441\u0438\u0441\u0442\u0435\u043c\u0430, \u0438\u0441\u043f\u043e\u043b\u044c\u0437\u0443\u044e\u0449\u0430\u044f <b>\u0442\u0435\u0445\u043d\u043e\u043b\u043e\u0433\u0438\u044e IPL (Intense Pulsed Light)<\/b> \u0434\u043b\u044f \u0432\u043e\u0437\u0434\u0435\u0439\u0441\u0442\u0432\u0438\u044f \u043d\u0435\u043f\u043e\u0441\u0440\u0435\u0434\u0441\u0442\u0432\u0435\u043d\u043d\u043e \u043d\u0430 \u043f\u0440\u0438\u0447\u0438\u043d\u044b \u0430\u043a\u043d\u0435 \u2014 \u0431\u0430\u043a\u0442\u0435\u0440\u0438\u0438 \u0438 \u0432\u043e\u0441\u043f\u0430\u043b\u0435\u043d\u0438\u0435. \u0418\u043d\u0442\u0435\u043d\u0441\u0438\u0432\u043d\u044b\u0439 \u0438\u043c\u043f\u0443\u043b\u044c\u0441\u043d\u044b\u0439 \u0441\u0432\u0435\u0442 \u043f\u0440\u043e\u043d\u0438\u043a\u0430\u0435\u0442 \u0432 \u043a\u043e\u0436\u0443 \u0438 \u0441\u043d\u0438\u0436\u0430\u0435\u0442 \u0430\u043a\u0442\u0438\u0432\u043d\u043e\u0441\u0442\u044c \u0441\u0430\u043b\u044c\u043d\u044b\u0445 \u0436\u0435\u043b\u0435\u0437, \u0443\u043d\u0438\u0447\u0442\u043e\u0436\u0430\u044f \u0431\u0430\u043a\u0442\u0435\u0440\u0438\u0438, \u043e\u0442\u0432\u0435\u0447\u0430\u044e\u0449\u0438\u0435 \u0437\u0430 \u043f\u043e\u044f\u0432\u043b\u0435\u043d\u0438\u0435 \u0430\u043a\u043d\u0435.<\/p>\t\t\t\t\t\t\t\t<\/div>\n\t\t\t\t<\/div>\n\t\t\t\t<\/div>\n\t\t<div class=\"elementor-element elementor-element-47b73b0 e-con-full e-flex e-con e-child\" data-id=\"47b73b0\" data-element_type=\"container\">\n\t\t\t\t<div class=\"elementor-element elementor-element-0b04a30 elementor-widget elementor-widget-heading\" data-id=\"0b04a30\" data-element_type=\"widget\" data-widget_type=\"heading.default\">\n\t\t\t\t<div class=\"elementor-widget-container\">\n\t\t\t\t\t<h2 class=\"elementor-heading-title elementor-size-default\">\u041a\u0430\u043a \u0434\u0435\u0439\u0441\u0442\u0432\u0443\u0435\u0442 \u043f\u0440\u043e\u0446\u0435\u0434\u0443\u0440\u0430?<\/h2>\t\t\t\t<\/div>\n\t\t\t\t<\/div>\n\t\t\t\t<div class=\"elementor-element elementor-element-d2bc693 color-scheme-inherit text-left elementor-widget elementor-widget-text-editor\" data-id=\"d2bc693\" data-element_type=\"widget\" data-widget_type=\"text-editor.default\">\n\t\t\t\t<div class=\"elementor-widget-container\">\n\t\t\t\t\t\t\t\t\t<p class=\"p1\">\u2022 \u0423\u043c\u0435\u043d\u044c\u0448\u0430\u0435\u0442 \u0432\u043e\u0441\u043f\u0430\u043b\u0435\u043d\u0438\u0435 \u043a\u043e\u0436\u0438<\/p><p class=\"p1\">\u2022 \u0421\u043d\u0438\u0436\u0430\u0435\u0442 \u043f\u043e\u043a\u0440\u0430\u0441\u043d\u0435\u043d\u0438\u0435, \u0432\u044b\u0437\u0432\u0430\u043d\u043d\u043e\u0435 \u0430\u043a\u043d\u0435<\/p><p class=\"p1\">\u2022 \u0423\u043d\u0438\u0447\u0442\u043e\u0436\u0430\u0435\u0442 \u0431\u0430\u043a\u0442\u0435\u0440\u0438\u0438 <b>Propionibacterium acnes<\/b> (P. acnes)<\/p><p class=\"p1\">\u2022 \u041a\u043e\u043d\u0442\u0440\u043e\u043b\u0438\u0440\u0443\u0435\u0442 \u0438\u0437\u0431\u044b\u0442\u043e\u043a \u0441\u0435\u0431\u0443\u043c\u0430<\/p><p class=\"p1\">\u2022 \u041f\u0440\u0435\u0434\u043e\u0442\u0432\u0440\u0430\u0449\u0430\u0435\u0442 \u043f\u043e\u044f\u0432\u043b\u0435\u043d\u0438\u0435 \u043d\u043e\u0432\u044b\u0445 \u0430\u043a\u043d\u0435-\u043e\u0431\u0440\u0430\u0437\u043e\u0432\u0430\u043d\u0438\u0439<\/p>\t\t\t\t\t\t\t\t<\/div>\n\t\t\t\t<\/div>\n\t\t\t\t<\/div>\n\t\t<div class=\"elementor-element elementor-element-dcf57ed e-con-full e-flex e-con e-child\" data-id=\"dcf57ed\" data-element_type=\"container\">\n\t\t\t\t<div class=\"elementor-element elementor-element-ba44fd6 elementor-widget elementor-widget-heading\" data-id=\"ba44fd6\" data-element_type=\"widget\" data-widget_type=\"heading.default\">\n\t\t\t\t<div class=\"elementor-widget-container\">\n\t\t\t\t\t<h2 class=\"elementor-heading-title elementor-size-default\">\u041a\u0430\u043a\u0438\u0435 \u0432\u0438\u0434\u044b \u0430\u043a\u043d\u0435 \u043c\u043e\u0436\u0435\u0442 \u043b\u0435\u0447\u0438\u0442\u044c?<\/h2>\t\t\t\t<\/div>\n\t\t\t\t<\/div>\n\t\t\t\t<div class=\"elementor-element elementor-element-21846b8 color-scheme-inherit text-left elementor-widget elementor-widget-text-editor\" data-id=\"21846b8\" data-element_type=\"widget\" data-widget_type=\"text-editor.default\">\n\t\t\t\t<div class=\"elementor-widget-container\">\n\t\t\t\t\t\t\t\t\t<p class=\"p1\">\u2022 \u0412\u043e\u0441\u043f\u0430\u043b\u0438\u0442\u0435\u043b\u044c\u043d\u043e\u0435 \u0430\u043a\u043d\u0435<\/p><p class=\"p1\">\u2022 \u041f\u0430\u043f\u0443\u043b\u0435\u0437\u043d\u043e-\u043f\u0443\u0441\u0442\u0443\u043b\u0435\u0437\u043d\u043e\u0435 \u0430\u043a\u043d\u0435<\/p><p class=\"p1\">\u2022 \u0423\u043c\u0435\u0440\u0435\u043d\u043d\u043e\u0435 \u0438 \u0442\u044f\u0436\u0435\u043b\u043e\u0435 \u0430\u043a\u043d\u0435<\/p><p class=\"p1\">\u2022 \u0410\u043a\u0442\u0438\u0432\u043d\u044b\u0435 \u0430\u043a\u043d\u0435-\u043e\u0431\u0440\u0430\u0437\u043e\u0432\u0430\u043d\u0438\u044f \u043d\u0430 \u043b\u0438\u0446\u0435, \u0441\u043f\u0438\u043d\u0435 \u0438\u043b\u0438 \u0433\u0440\u0443\u0434\u0438<\/p>\t\t\t\t\t\t\t\t<\/div>\n\t\t\t\t<\/div>\n\t\t\t\t<\/div>\n\t\t<div class=\"elementor-element elementor-element-669ee07 e-con-full e-flex e-con e-child\" data-id=\"669ee07\" data-element_type=\"container\">\n\t\t\t\t<div class=\"elementor-element elementor-element-5421767 elementor-widget elementor-widget-heading\" data-id=\"5421767\" data-element_type=\"widget\" data-widget_type=\"heading.default\">\n\t\t\t\t<div class=\"elementor-widget-container\">\n\t\t\t\t\t<h2 class=\"elementor-heading-title elementor-size-default\">\u041f\u0440\u0435\u0438\u043c\u0443\u0449\u0435\u0441\u0442\u0432\u0430 \u043b\u0435\u0447\u0435\u043d\u0438\u044f \u0441 \u0438\u0441\u043f\u043e\u043b\u044c\u0437\u043e\u0432\u0430\u043d\u0438\u0435\u043c Lumenis M22:<\/h2>\t\t\t\t<\/div>\n\t\t\t\t<\/div>\n\t\t\t\t<div class=\"elementor-element elementor-element-de8884a color-scheme-inherit text-left elementor-widget elementor-widget-text-editor\" data-id=\"de8884a\" data-element_type=\"widget\" data-widget_type=\"text-editor.default\">\n\t\t\t\t<div class=\"elementor-widget-container\">\n\t\t\t\t\t\t\t\t\t<p class=\"p1\">\u2022 \u041d\u0435\u0438\u043d\u0432\u0430\u0437\u0438\u0432\u043d\u043e\u0435 \u0438 \u0431\u0435\u0437\u043e\u043f\u0430\u0441\u043d\u043e\u0435 \u043b\u0435\u0447\u0435\u043d\u0438\u0435, \u043e\u0434\u043e\u0431\u0440\u0435\u043d\u043d\u043e\u0435 FDA<\/p><p class=\"p1\">\u2022 \u0411\u0435\u0437 \u043f\u0435\u0440\u0438\u043e\u0434\u0430 \u0432\u043e\u0441\u0441\u0442\u0430\u043d\u043e\u0432\u043b\u0435\u043d\u0438\u044f<\/p><p class=\"p1\">\u2022 \u0423\u043b\u0443\u0447\u0448\u0435\u043d\u0438\u0435 \u0432\u043d\u0435\u0448\u043d\u0435\u0433\u043e \u0432\u0438\u0434\u0430 \u043a\u043e\u0436\u0438 \u043f\u043e\u0441\u043b\u0435 \u043d\u0435\u0441\u043a\u043e\u043b\u044c\u043a\u0438\u0445 \u0441\u0435\u0430\u043d\u0441\u043e\u0432<\/p><p class=\"p1\">\u2022 \u041f\u043e\u043c\u043e\u0433\u0430\u0435\u0442 \u0441\u043d\u0438\u0437\u0438\u0442\u044c \u0440\u0438\u0441\u043a \u043f\u043e\u044f\u0432\u043b\u0435\u043d\u0438\u044f \u0440\u0443\u0431\u0446\u043e\u0432 \u043f\u043e\u0441\u043b\u0435 \u0430\u043a\u043d\u0435<\/p><p class=\"p1\">\u2022 \u0423\u043b\u0443\u0447\u0448\u0430\u0435\u0442 \u0442\u0435\u043a\u0441\u0442\u0443\u0440\u0443 \u0438 \u0442\u043e\u043d \u043a\u043e\u0436\u0438<\/p>\t\t\t\t\t\t\t\t<\/div>\n\t\t\t\t<\/div>\n\t\t\t\t<\/div>\n\t\t\t\t\t<\/div>\n\t\t\t\t<\/div>\n\t\t<div class=\"elementor-element elementor-element-d3758f1 wd-section-stretch-content e-flex e-con-boxed e-con e-parent\" data-id=\"d3758f1\" data-element_type=\"container\">\n\t\t\t\t\t<div class=\"e-con-inner\">\n\t\t<div class=\"elementor-element elementor-element-c58998d e-con-full e-flex e-con e-child\" data-id=\"c58998d\" data-element_type=\"container\">\n\t\t\t\t<div class=\"elementor-element elementor-element-e11cd99 elementor-widget elementor-widget-heading\" data-id=\"e11cd99\" data-element_type=\"widget\" data-widget_type=\"heading.default\">\n\t\t\t\t<div class=\"elementor-widget-container\">\n\t\t\t\t\t<h2 class=\"elementor-heading-title elementor-size-default\">\u041a\u0430\u043a \u043f\u0440\u043e\u0445\u043e\u0434\u0438\u0442 \u0441\u0435\u0430\u043d\u0441?<\/h2>\t\t\t\t<\/div>\n\t\t\t\t<\/div>\n\t\t\t\t<div class=\"elementor-element elementor-element-c014e22 color-scheme-inherit text-left elementor-widget elementor-widget-text-editor\" data-id=\"c014e22\" data-element_type=\"widget\" data-widget_type=\"text-editor.default\">\n\t\t\t\t<div class=\"elementor-widget-container\">\n\t\t\t\t\t\t\t\t\t<p>\u041f\u0440\u043e\u0446\u0435\u0434\u0443\u0440\u0430 \u0434\u043b\u0438\u0442\u0441\u044f <b>20-30 \u043c\u0438\u043d\u0443\u0442<\/b>, \u0432 \u0437\u0430\u0432\u0438\u0441\u0438\u043c\u043e\u0441\u0442\u0438 \u043e\u0442 \u043e\u0431\u0440\u0430\u0431\u0430\u0442\u044b\u0432\u0430\u0435\u043c\u043e\u0439 \u0437\u043e\u043d\u044b. \u041d\u0430\u043d\u043e\u0441\u0438\u0442\u0441\u044f \u043e\u0445\u043b\u0430\u0436\u0434\u0430\u044e\u0449\u0438\u0439 \u0433\u0435\u043b\u044c, \u0430 \u0441\u0432\u0435\u0442\u043e\u0432\u0430\u044f \u044d\u043d\u0435\u0440\u0433\u0438\u044f \u043f\u043e\u0434\u0430\u0435\u0442\u0441\u044f \u0447\u0435\u0440\u0435\u0437 \u0430\u043f\u043f\u043b\u0438\u043a\u0430\u0442\u043e\u0440 Lumenis M22. \u041f\u0440\u043e\u0446\u0435\u0434\u0443\u0440\u0430 \u0445\u043e\u0440\u043e\u0448\u043e \u043f\u0435\u0440\u0435\u043d\u043e\u0441\u0438\u0442\u0441\u044f, \u0441 \u043c\u0438\u043d\u0438\u043c\u0430\u043b\u044c\u043d\u044b\u043c \u0434\u0438\u0441\u043a\u043e\u043c\u0444\u043e\u0440\u0442\u043e\u043c.<\/p>\t\t\t\t\t\t\t\t<\/div>\n\t\t\t\t<\/div>\n\t\t\t\t<\/div>\n\t\t<div class=\"elementor-element elementor-element-eac40bf e-con-full e-flex e-con e-child\" data-id=\"eac40bf\" data-element_type=\"container\">\n\t\t\t\t<div class=\"elementor-element elementor-element-55ad451 elementor-widget elementor-widget-heading\" data-id=\"55ad451\" data-element_type=\"widget\" data-widget_type=\"heading.default\">\n\t\t\t\t<div class=\"elementor-widget-container\">\n\t\t\t\t\t<h2 class=\"elementor-heading-title elementor-size-default\">\u0420\u0435\u043a\u043e\u043c\u0435\u043d\u0434\u0430\u0446\u0438\u0438 \u043f\u043e\u0441\u043b\u0435 \u043f\u0440\u043e\u0446\u0435\u0434\u0443\u0440\u044b:<\/h2>\t\t\t\t<\/div>\n\t\t\t\t<\/div>\n\t\t\t\t<div class=\"elementor-element elementor-element-7b1e109 color-scheme-inherit text-left elementor-widget elementor-widget-text-editor\" data-id=\"7b1e109\" data-element_type=\"widget\" data-widget_type=\"text-editor.default\">\n\t\t\t\t<div class=\"elementor-widget-container\">\n\t\t\t\t\t\t\t\t\t<p class=\"p1\">\u2022 \u0418\u0437\u0431\u0435\u0433\u0430\u0439\u0442\u0435 \u0432\u043e\u0437\u0434\u0435\u0439\u0441\u0442\u0432\u0438\u044f \u0441\u043e\u043b\u043d\u0446\u0430 \u0438 \u0438\u0441\u043f\u043e\u043b\u044c\u0437\u0443\u0439\u0442\u0435 \u043a\u0440\u0435\u043c \u0441 \u0432\u044b\u0441\u043e\u043a\u0438\u043c SPF<\/p><p class=\"p1\">\u2022 \u041d\u0435 \u0438\u0441\u043f\u043e\u043b\u044c\u0437\u0443\u0439\u0442\u0435 \u0430\u0433\u0440\u0435\u0441\u0441\u0438\u0432\u043d\u044b\u0435 \u0441\u0440\u0435\u0434\u0441\u0442\u0432\u0430 \u0438\u043b\u0438 \u044d\u043a\u0441\u0444\u043e\u043b\u0438\u0430\u043d\u0442\u044b \u0432 \u043f\u0435\u0440\u0432\u044b\u0435 \u0434\u043d\u0438<\/p><p class=\"p1\">\u2022 \u041f\u043e\u0434\u0434\u0435\u0440\u0436\u0438\u0432\u0430\u0439\u0442\u0435 \u043a\u043e\u0436\u0443 \u0447\u0438\u0441\u0442\u043e\u0439 \u0438 \u0445\u043e\u0440\u043e\u0448\u043e \u0443\u0432\u043b\u0430\u0436\u043d\u0451\u043d\u043d\u043e\u0439<\/p>\t\t\t\t\t\t\t\t<\/div>\n\t\t\t\t<\/div>\n\t\t\t\t<\/div>\n\t\t<div class=\"elementor-element elementor-element-44d980d e-con-full e-flex e-con e-child\" data-id=\"44d980d\" data-element_type=\"container\">\n\t\t\t\t<div class=\"elementor-element elementor-element-6f59b79 elementor-widget elementor-widget-heading\" data-id=\"6f59b79\" data-element_type=\"widget\" data-widget_type=\"heading.default\">\n\t\t\t\t<div class=\"elementor-widget-container\">\n\t\t\t\t\t<h2 class=\"elementor-heading-title elementor-size-default\">\u0421\u043a\u043e\u043b\u044c\u043a\u043e \u0441\u0435\u0430\u043d\u0441\u043e\u0432 \u043d\u0435\u043e\u0431\u0445\u043e\u0434\u0438\u043c\u043e?<\/h2>\t\t\t\t<\/div>\n\t\t\t\t<\/div>\n\t\t\t\t<div class=\"elementor-element elementor-element-e6ede0f color-scheme-inherit text-left elementor-widget elementor-widget-text-editor\" data-id=\"e6ede0f\" data-element_type=\"widget\" data-widget_type=\"text-editor.default\">\n\t\t\t\t<div class=\"elementor-widget-container\">\n\t\t\t\t\t\t\t\t\t<p>\u041f\u0440\u043e\u0442\u043e\u043a\u043e\u043b \u043b\u0435\u0447\u0435\u043d\u0438\u044f \u043e\u043f\u0440\u0435\u0434\u0435\u043b\u044f\u0435\u0442\u0441\u044f \u0432 \u0437\u0430\u0432\u0438\u0441\u0438\u043c\u043e\u0441\u0442\u0438 \u043e\u0442 \u0442\u044f\u0436\u0435\u0441\u0442\u0438 \u0430\u043a\u043d\u0435, \u043d\u043e \u043e\u0431\u044b\u0447\u043d\u043e \u0440\u0435\u043a\u043e\u043c\u0435\u043d\u0434\u0443\u0435\u0442\u0441\u044f <b>4-6 \u0441\u0435\u0430\u043d\u0441\u043e\u0432<\/b> \u0441 \u0438\u043d\u0442\u0435\u0440\u0432\u0430\u043b\u043e\u043c \u0432 <b>2-4 \u043d\u0435\u0434\u0435\u043b\u0438<\/b> \u0434\u043b\u044f \u043e\u043f\u0442\u0438\u043c\u0430\u043b\u044c\u043d\u044b\u0445 \u0438 \u0434\u043b\u0438\u0442\u0435\u043b\u044c\u043d\u044b\u0445 \u0440\u0435\u0437\u0443\u043b\u044c\u0442\u0430\u0442\u043e\u0432.<\/p><p><b>\u0417\u0430\u043f\u0438\u0448\u0438\u0442\u0435\u0441\u044c \u043d\u0430 \u0438\u043d\u0434\u0438\u0432\u0438\u0434\u0443\u0430\u043b\u044c\u043d\u0443\u044e \u043a\u043e\u043d\u0441\u0443\u043b\u044c\u0442\u0430\u0446\u0438\u044e<\/b> \u0432 Deia Aesthetic Laser Center \u0438 \u0443\u0437\u043d\u0430\u0439, \u043a\u0430\u043a \u0441\u043a\u0430\u0437\u0430\u0442\u044c STOP \u0430\u043a\u043d\u0435 \u0441 \u043f\u043e\u043c\u043e\u0449\u044c\u044e \u0442\u0435\u0445\u043d\u043e\u043b\u043e\u0433\u0438\u0438 Lumenis M22! \u0412\u0435\u0440\u043d\u0438 \u0441\u0432\u043e\u0435\u0439 \u043a\u043e\u0436\u0435 \u0447\u0438\u0441\u0442\u044b\u0439 \u0438 \u0437\u0434\u043e\u0440\u043e\u0432\u044b\u0439 \u0432\u0438\u0434, \u043a\u043e\u0442\u043e\u0440\u044b\u0439 \u043e\u043d\u0430 \u0437\u0430\u0441\u043b\u0443\u0436\u0438\u0432\u0430\u0435\u0442.<\/p>\t\t\t\t\t\t\t\t<\/div>\n\t\t\t\t<\/div>\n\t\t\t\t<\/div>\n\t\t\t\t\t<\/div>\n\t\t\t\t<\/div>\n\t\t<div class=\"elementor-element elementor-element-d7fb3be wd-section-stretch-content e-flex e-con-boxed e-con e-parent\" data-id=\"d7fb3be\" data-element_type=\"container\">\n\t\t\t\t\t<div class=\"e-con-inner\">\n\t\t\t\t<div class=\"elementor-element elementor-element-4316fac elementor-align-center elementor-widget elementor-widget-button\" data-id=\"4316fac\" data-element_type=\"widget\" data-widget_type=\"button.default\">\n\t\t\t\t<div class=\"elementor-widget-container\">\n\t\t\t\t\t\t\t\t\t<div class=\"elementor-button-wrapper\">\n\t\t\t\t\t<a class=\"elementor-button elementor-button-link elementor-size-sm\" href=\"https:\/\/n625907.alteg.io\/\">\n\t\t\t\t\t\t<span class=\"elementor-button-content-wrapper\">\n\t\t\t\t\t\t\t\t\t<span class=\"elementor-button-text\">\u0417\u0430\u043f\u0438\u0448\u0438\u0441\u044c<\/span>\n\t\t\t\t\t<\/span>\n\t\t\t\t\t<\/a>\n\t\t\t\t<\/div>\n\t\t\t\t\t\t\t\t<\/div>\n\t\t\t\t<\/div>\n\t\t\t\t\t<\/div>\n\t\t\t\t<\/div>\n\t\t\t\t<\/div>","protected":false},"excerpt":{"rendered":"<p>Tratament Acnee Tratamentul Acneei cu Lumenis M22 Control asupra acneei, piele curat\u0103 \u0219i s\u0103n\u0103toas\u0103 Acneea poate afecta at\u00e2t aspectul pielii,<\/p>","protected":false},"author":1,"featured_media":0,"parent":0,"menu_order":0,"comment_status":"closed","ping_status":"closed","template":"","meta":{"footnotes":""},"class_list":["post-387","page","type-page","status-publish","hentry"],"_links":{"self":[{"href":"https:\/\/deiasalon.md\/ru\/wp-json\/wp\/v2\/pages\/387","targetHints":{"allow":["GET"]}}],"collection":[{"href":"https:\/\/deiasalon.md\/ru\/wp-json\/wp\/v2\/pages"}],"about":[{"href":"https:\/\/deiasalon.md\/ru\/wp-json\/wp\/v2\/types\/page"}],"author":[{"embeddable":true,"href":"https:\/\/deiasalon.md\/ru\/wp-json\/wp\/v2\/users\/1"}],"replies":[{"embeddable":true,"href":"https:\/\/deiasalon.md\/ru\/wp-json\/wp\/v2\/comments?post=387"}],"version-history":[{"count":55,"href":"https:\/\/deiasalon.md\/ru\/wp-json\/wp\/v2\/pages\/387\/revisions"}],"predecessor-version":[{"id":2177,"href":"https:\/\/deiasalon.md\/ru\/wp-json\/wp\/v2\/pages\/387\/revisions\/2177"}],"wp:attachment":[{"href":"https:\/\/deiasalon.md\/ru\/wp-json\/wp\/v2\/media?parent=387"}],"curies":[{"name":"wp","href":"https:\/\/api.w.org\/{rel}","templated":true}]}}